{"id":269,"date":"2020-01-15T11:21:00","date_gmt":"2020-01-15T10:21:00","guid":{"rendered":"http:\/\/rebeccafribourg.com\/?page_id=269"},"modified":"2025-02-08T23:43:48","modified_gmt":"2025-02-08T22:43:48","slug":"publications","status":"publish","type":"page","link":"https:\/\/rebeccafribourg.com\/index.php\/publications\/","title":{"rendered":"Publications"},"content":{"rendered":"\n<p style=\"font-size:12px\"><strong>PEER-REVIEWED INTERNATIONAL  JOURNAL PAPERS<\/strong><\/p>\n\n\n\n<div class=\"wp-block-media-text alignwide\" style=\"grid-template-columns:18% auto\"><figure class=\"wp-block-media-text__media\"><img loading=\"lazy\" width=\"493\" height=\"381\" src=\"https:\/\/rebeccafribourg.com\/wp-content\/uploads\/2024\/11\/temporary_teaser2.jpg\" alt=\"\" class=\"wp-image-482 size-full\" srcset=\"https:\/\/rebeccafribourg.com\/wp-content\/uploads\/2024\/11\/temporary_teaser2.jpg 493w, https:\/\/rebeccafribourg.com\/wp-content\/uploads\/2024\/11\/temporary_teaser2-300x232.jpg 300w\" sizes=\"(max-width: 493px) 100vw, 493px\" \/><\/figure><div class=\"wp-block-media-text__content\">\n<p class=\"has-small-font-size\">T. Combe, R. Fribourg, L. Detto and J.-M. Normand, <em>&#8220;Exploring the Influence of Virtual Avatar Heads in Mixed Reality on Social Presence, Performance and User Experience in Collaborative Tasks&#8221; <\/em>in&nbsp;<em>IEEE Transactions on Visualization and Computer Graphics<\/em>, vol. 30, no. 5, pp. 2203-2216, March 2024.<br>[<a href=\"https:\/\/ieeexplore.ieee.org\/abstract\/document\/10458429\/figures#figures\">Paper<\/a>] <\/p>\n<\/div><\/div>\n\n\n\n<div class=\"wp-block-media-text alignwide\" style=\"grid-template-columns:18% auto\"><figure class=\"wp-block-media-text__media\"><img loading=\"lazy\" width=\"504\" height=\"498\" src=\"http:\/\/rebeccafribourg.com\/wp-content\/uploads\/2023\/11\/cheymol2023-1.png\" alt=\"\" class=\"wp-image-465 size-full\" srcset=\"https:\/\/rebeccafribourg.com\/wp-content\/uploads\/2023\/11\/cheymol2023-1.png 504w, https:\/\/rebeccafribourg.com\/wp-content\/uploads\/2023\/11\/cheymol2023-1-300x296.png 300w\" sizes=\"(max-width: 504px) 100vw, 504px\" \/><\/figure><div class=\"wp-block-media-text__content\">\n<p class=\"has-small-font-size\">A. Cheymol, R. Fribourg, A. L\u00e9cuyer, J. -M. Normand and F. Argelaguet, <em>&#8220;Beyond my Real Body: Characterization, Impacts, Applications and Perspectives of \u201cDissimilar\u201d Avatars in Virtual Reality,&#8221; <\/em>in&nbsp;<em>IEEE Transactions on Visualization and Computer Graphics<\/em>, vol. 29, no. 11, pp. 4426-4437, Nov. 2023.<br>[<a href=\"https:\/\/inria.hal.science\/hal-04216303v1\/document\">Paper<\/a>] <\/p>\n<\/div><\/div>\n\n\n\n<div class=\"wp-block-media-text alignwide\" style=\"grid-template-columns:18% auto\"><figure class=\"wp-block-media-text__media\"><img loading=\"lazy\" width=\"245\" height=\"245\" src=\"https:\/\/rebeccafribourg.com\/wp-content\/uploads\/2022\/02\/taskthreat_CGt.jpg\" alt=\"\" class=\"wp-image-365 size-full\" srcset=\"https:\/\/rebeccafribourg.com\/wp-content\/uploads\/2022\/02\/taskthreat_CGt.jpg 245w, https:\/\/rebeccafribourg.com\/wp-content\/uploads\/2022\/02\/taskthreat_CGt-150x150.jpg 150w\" sizes=\"(max-width: 245px) 100vw, 245px\" \/><\/figure><div class=\"wp-block-media-text__content\">\n<p class=\"has-small-font-size\">R. Fribourg, E. Blanpied, L. Hoyet, A. L\u00e9cuyer, F. Argelaguet, <em>\u201cDoes virtual threat harm VR experience?: Impact of threat occurrence and repeatability on virtual embodiment and threat response\u201d,  <\/em>Computers &amp; Graphics, 2021<br>[<a href=\"https:\/\/www.sciencedirect.com\/science\/article\/pii\/S0097849321001485\">Paper<\/a>] <\/p>\n<\/div><\/div>\n\n\n\n<div class=\"wp-block-media-text alignwide\" style=\"grid-template-columns:18% auto\"><figure class=\"wp-block-media-text__media\"><img loading=\"lazy\" width=\"465\" height=\"470\" src=\"http:\/\/rebeccafribourg.com\/wp-content\/uploads\/2022\/02\/remotelyPercieved.png\" alt=\"\" class=\"wp-image-361 size-full\" srcset=\"https:\/\/rebeccafribourg.com\/wp-content\/uploads\/2022\/02\/remotelyPercieved.png 465w, https:\/\/rebeccafribourg.com\/wp-content\/uploads\/2022\/02\/remotelyPercieved-297x300.png 297w\" sizes=\"(max-width: 465px) 100vw, 465px\" \/><\/figure><div class=\"wp-block-media-text__content\">\n<p class=\"has-small-font-size\">D. Higgins, R. Fribourg, R. McDonnell, <em>\u201cRemotely Perceived: Investigating the Influence of Valence on Self-Perception and Social Experience for Dyadic Video-Conferencing With Personalized Avatars\u201d,  <\/em>Frontiers in Virtual Reality, 2021<br>[<a href=\"https:\/\/www.frontiersin.org\/articles\/10.3389\/frvir.2021.668499\/full\">Paper<\/a>] <\/p>\n<\/div><\/div>\n\n\n\n<div class=\"wp-block-media-text alignwide\" style=\"grid-template-columns:18% auto\"><figure class=\"wp-block-media-text__media\"><img loading=\"lazy\" width=\"624\" height=\"624\" src=\"http:\/\/rebeccafribourg.com\/wp-content\/uploads\/2020\/01\/co-embodiment.jpg\" alt=\"\" class=\"wp-image-275 size-full\" srcset=\"https:\/\/rebeccafribourg.com\/wp-content\/uploads\/2020\/01\/co-embodiment.jpg 624w, https:\/\/rebeccafribourg.com\/wp-content\/uploads\/2020\/01\/co-embodiment-150x150.jpg 150w, https:\/\/rebeccafribourg.com\/wp-content\/uploads\/2020\/01\/co-embodiment-300x300.jpg 300w\" sizes=\"(max-width: 624px) 100vw, 624px\" \/><\/figure><div class=\"wp-block-media-text__content\">\n<p class=\"has-small-font-size\">R. Fribourg<sup>*<\/sup>, N. Ogawa<sup>*<\/sup>, L. Hoyet, F. Argelaguet, T. Narumi, M. Hirose, A. L\u00e9cuyer, <em>\u201cVirtual Co-Embodiment: Evaluation of the Sense of Agency while Sharing the Control of a Virtual Body among Two Individuals\u201d,  IEEE Transactions in Visualization and Computer Graphics (TVCG), <sup>* <\/sup>both authors contributed equally to the paper<\/em>  <br>[<a href=\"https:\/\/hal.inria.fr\/hal-02951915\/document\">Paper<\/a>] [<a href=\"http:\/\/rebeccafribourg.com\/wp-content\/uploads\/2020\/01\/CoEmbodiment.mp4\">Video<\/a>] <\/p>\n<\/div><\/div>\n\n\n\n<div class=\"wp-block-media-text alignwide\" style=\"grid-template-columns:18% auto\"><figure class=\"wp-block-media-text__media\"><img loading=\"lazy\" width=\"305\" height=\"305\" src=\"http:\/\/rebeccafribourg.com\/wp-content\/uploads\/2020\/01\/website.jpg\" alt=\"\" class=\"wp-image-294 size-full\" srcset=\"https:\/\/rebeccafribourg.com\/wp-content\/uploads\/2020\/01\/website.jpg 305w, https:\/\/rebeccafribourg.com\/wp-content\/uploads\/2020\/01\/website-150x150.jpg 150w, https:\/\/rebeccafribourg.com\/wp-content\/uploads\/2020\/01\/website-300x300.jpg 300w\" sizes=\"(max-width: 305px) 100vw, 305px\" \/><\/figure><div class=\"wp-block-media-text__content\">\n<p class=\"has-small-font-size\">R. Fribourg, F. Argelaguet, A. L\u00e9cuyer, L. Hoyet, \u201c<em>Avatar and Sense of Embodiment: Studying the Relative Preference between Appearance, Control and Point of View<\/em>\u201d, IEEE Transactions in Visualization and Computer Graphics (TVCG) IEEE VR 2020 special issue &#8211; <strong><span style=\"color:#f30b2a\" class=\"has-inline-color\">Best TVCG Journal Paper Award<\/span><\/strong><br>[<a href=\"https:\/\/ieeexplore.ieee.org\/document\/8998305\"><\/a><a href=\"https:\/\/inria.hal.science\/hal-02868067v1\/document\">Paper<\/a>] [<a href=\"http:\/\/rebeccafribourg.com\/wp-content\/uploads\/2020\/05\/Fribourg_Supp_002.mp4\">Video<\/a>]<br><\/p>\n<\/div><\/div>\n\n\n\n<p style=\"font-size:12px\"><strong>PEER-REVIEWED INTERNATIONAL CONFERENCE PAPERS WITH ORAL COMMUNICATION <\/strong><\/p>\n\n\n\n<div class=\"wp-block-media-text alignwide\" style=\"grid-template-columns:18% auto\"><figure class=\"wp-block-media-text__media\"><img loading=\"lazy\" width=\"363\" height=\"313\" src=\"https:\/\/rebeccafribourg.com\/wp-content\/uploads\/2024\/11\/Capture.png\" alt=\"\" class=\"wp-image-485 size-full\" srcset=\"https:\/\/rebeccafribourg.com\/wp-content\/uploads\/2024\/11\/Capture.png 363w, https:\/\/rebeccafribourg.com\/wp-content\/uploads\/2024\/11\/Capture-300x259.png 300w\" sizes=\"(max-width: 363px) 100vw, 363px\" \/><\/figure><div class=\"wp-block-media-text__content\">\n<p class=\"has-small-font-size\">A Cheymol, R Fribourg, A L\u00e9cuyer, JM Normand, F Argelaguet,  <em>&#8220;Avatar-Centered Feedback: Dynamic Avatar Alterations Can Induce Avoidance Behaviors to Virtual Dangers<\/em>&#8220;. ISMAR 2024 &#8211; IEEE International Symposium on Mixed and Augmented Reality, Oct 2024, Seattle, WA, United States. <br>[<a href=\"https:\/\/hal.archives-ouvertes.fr\/hal-03009015\/document\"><\/a><a href=\"https:\/\/inria.hal.science\/hal-04778238\/document\">Paper<\/a>] <\/p>\n<\/div><\/div>\n\n\n\n<div class=\"wp-block-media-text alignwide\" style=\"grid-template-columns:18% auto\"><figure class=\"wp-block-media-text__media\"><img loading=\"lazy\" width=\"755\" height=\"656\" src=\"https:\/\/rebeccafribourg.com\/wp-content\/uploads\/2023\/11\/floresvargas2023.png\" alt=\"\" class=\"wp-image-470 size-full\" srcset=\"https:\/\/rebeccafribourg.com\/wp-content\/uploads\/2023\/11\/floresvargas2023.png 755w, https:\/\/rebeccafribourg.com\/wp-content\/uploads\/2023\/11\/floresvargas2023-300x261.png 300w\" sizes=\"(max-width: 755px) 100vw, 755px\" \/><\/figure><div class=\"wp-block-media-text__content\">\n<p class=\"has-small-font-size\">M. Flores Vargas, R. Fribourg, E. Bates, R. McDonnell,  &#8220;<em>Now I Wanna Be a Dog: Exploring the Impact of Audio and Tactile Feedback on Animal Embodiment<\/em>&#8220;. ISMAR 2023 &#8211; 22st IEEE International Symposium on Mixed and Augmented Reality, Oct 2023, Sydney, Australia. <br>[<a href=\"https:\/\/hal.archives-ouvertes.fr\/hal-03009015\/document\"><\/a><a href=\"https:\/\/ieeexplore.ieee.org\/stamp\/stamp.jsp?arnumber=10316408\">Paper<\/a>] <\/p>\n<\/div><\/div>\n\n\n\n<div class=\"wp-block-media-text alignwide\" style=\"grid-template-columns:18% auto\"><figure class=\"wp-block-media-text__media\"><img loading=\"lazy\" width=\"257\" height=\"254\" src=\"http:\/\/rebeccafribourg.com\/wp-content\/uploads\/2023\/01\/Capture.png\" alt=\"\" class=\"wp-image-434 size-full\"\/><\/figure><div class=\"wp-block-media-text__content\">\n<p class=\"has-small-font-size\">A. Cheymol, R. Fribourg, N. Ogawa, A. L\u00e9cuyer, Y. Hirao T. Narumi, F. Argelaguet, JM. Normand,  &#8220;<em>Studying the Role of Self and External Touch in the Appropriation of Dysmorphic Hands<\/em>&#8220;. ISMAR 2022 &#8211; 21st IEEE International Symposium on Mixed and Augmented Reality, Oct 2022, Singapore, Singapore. pp.1-10<br>[<a href=\"https:\/\/hal.archives-ouvertes.fr\/hal-03009015\/document\"><\/a><a href=\"https:\/\/hal.inria.fr\/hal-03830823\/document\">Paper<\/a>] <\/p>\n<\/div><\/div>\n\n\n\n<div class=\"wp-block-media-text alignwide\" style=\"grid-template-columns:18% auto\"><figure class=\"wp-block-media-text__media\"><img loading=\"lazy\" width=\"292\" height=\"319\" src=\"https:\/\/rebeccafribourg.com\/wp-content\/uploads\/2022\/02\/ascending-thevaley.png\" alt=\"\" class=\"wp-image-371 size-full\" srcset=\"https:\/\/rebeccafribourg.com\/wp-content\/uploads\/2022\/02\/ascending-thevaley.png 292w, https:\/\/rebeccafribourg.com\/wp-content\/uploads\/2022\/02\/ascending-thevaley-275x300.png 275w\" sizes=\"(max-width: 292px) 100vw, 292px\" \/><\/figure><div class=\"wp-block-media-text__content\">\n<p class=\"has-small-font-size\">D. Higgins, D. Egan, R. Fribourg, B. R. Cowan, R. McDonnell, \u2018<em>Ascending from the valley: Can state-of-the-art photorealism avoid the uncanny?<\/em>\u2019., ACM Symposium on Applied Perception 2021.<br>[<a href=\"https:\/\/hal.archives-ouvertes.fr\/hal-03009015\/document\"><\/a><a href=\"https:\/\/www.scss.tcd.ie\/Rachel.McDonnell\/papers\/SAP2021a.pdf\">Paper<\/a>] <\/p>\n<\/div><\/div>\n\n\n\n<div class=\"wp-block-media-text alignwide\" style=\"grid-template-columns:18% auto\"><figure class=\"wp-block-media-text__media\"><img loading=\"lazy\" width=\"408\" height=\"355\" src=\"https:\/\/rebeccafribourg.com\/wp-content\/uploads\/2022\/02\/mirrormirror.png\" alt=\"\" class=\"wp-image-363 size-full\" srcset=\"https:\/\/rebeccafribourg.com\/wp-content\/uploads\/2022\/02\/mirrormirror.png 408w, https:\/\/rebeccafribourg.com\/wp-content\/uploads\/2022\/02\/mirrormirror-300x261.png 300w\" sizes=\"(max-width: 408px) 100vw, 408px\" \/><\/figure><div class=\"wp-block-media-text__content\">\n<p class=\"has-small-font-size\">R. Fribourg, E. Peillard, R. McDonnell, \u2018<em>Mirror, Mirror, on My Phone: Investigating Dimensions of Self-Face Perception Induced by Augmented Reality Filters <\/em>\u2019., IEEE ISMAR 2021<br>[<a href=\"https:\/\/hal.archives-ouvertes.fr\/hal-03009015\/document\"><\/a><a href=\"https:\/\/ieeexplore.ieee.org\/stamp\/stamp.jsp?arnumber=9583834\">Paper<\/a>] <\/p>\n<\/div><\/div>\n\n\n\n<div class=\"wp-block-media-text alignwide\" style=\"grid-template-columns:18% auto\"><figure class=\"wp-block-media-text__media\"><img loading=\"lazy\" width=\"356\" height=\"356\" src=\"http:\/\/rebeccafribourg.com\/wp-content\/uploads\/2020\/11\/task_icat_threat.jpg\" alt=\"\" class=\"wp-image-339 size-full\" srcset=\"https:\/\/rebeccafribourg.com\/wp-content\/uploads\/2020\/11\/task_icat_threat.jpg 356w, https:\/\/rebeccafribourg.com\/wp-content\/uploads\/2020\/11\/task_icat_threat-300x300.jpg 300w, https:\/\/rebeccafribourg.com\/wp-content\/uploads\/2020\/11\/task_icat_threat-150x150.jpg 150w\" sizes=\"(max-width: 356px) 100vw, 356px\" \/><\/figure><div class=\"wp-block-media-text__content\">\n<p class=\"has-small-font-size\">R. Fribourg, L. Hoyet, F. Argelaguet, A. L\u00e9cuyer, \u2018<em>Influence of Threat Occurrence and Repeatability on the Sense of Embodiment and Threat Response in VR<\/em>\u2019., ICAT-EGVE 2020.<br>[<a href=\"https:\/\/hal.archives-ouvertes.fr\/hal-03009015\/document\"><\/a><a href=\"https:\/\/hal.inria.fr\/hal-02951915\/document\">Paper<\/a>] [<a href=\"http:\/\/rebeccafribourg.com\/wp-content\/uploads\/2020\/11\/virtual_threat_icat.mp4\">Video<\/a>]<\/p>\n<\/div><\/div>\n\n\n\n<div class=\"wp-block-media-text alignwide\" style=\"grid-template-columns:18% auto\"><figure class=\"wp-block-media-text__media\"><img loading=\"lazy\" width=\"1024\" height=\"1024\" src=\"http:\/\/rebeccafribourg.com\/wp-content\/uploads\/2020\/01\/Avatars-1024x1024.png\" alt=\"\" class=\"wp-image-272 size-full\" srcset=\"https:\/\/rebeccafribourg.com\/wp-content\/uploads\/2020\/01\/Avatars-1024x1024.png 1024w, https:\/\/rebeccafribourg.com\/wp-content\/uploads\/2020\/01\/Avatars-150x150.png 150w, https:\/\/rebeccafribourg.com\/wp-content\/uploads\/2020\/01\/Avatars-300x300.png 300w, https:\/\/rebeccafribourg.com\/wp-content\/uploads\/2020\/01\/Avatars-768x768.png 768w, https:\/\/rebeccafribourg.com\/wp-content\/uploads\/2020\/01\/Avatars.png 1160w\" sizes=\"(max-width: 1024px) 100vw, 1024px\" \/><\/figure><div class=\"wp-block-media-text__content\">\n<p class=\"has-small-font-size\">D. Dewez, R. Fribourg, F. Argelaguet, L. Hoyet, D. Mestre, M. Slater, A. L\u00e9cuyer, \u201c<em>Influence of Personality and Body Awareness on the Sense of Embodiment in Virtual Reality<\/em>\u201d, IEEE ISMAR 2019 Conference <br>[<a href=\"https:\/\/ieeexplore.ieee.org\/stamp\/stamp.jsp?arnumber=8943738\"><\/a><a href=\"https:\/\/hal.inria.fr\/hal-02951915\/document\">Paper<\/a>] [<a href=\"http:\/\/rebeccafribourg.com\/wp-content\/uploads\/2019\/10\/personality_embodiment-1.mp4\">Video<\/a>]<\/p>\n<\/div><\/div>\n\n\n\n<div class=\"wp-block-media-text alignwide\" style=\"grid-template-columns:18% auto\"><figure class=\"wp-block-media-text__media\"><img loading=\"lazy\" width=\"573\" height=\"574\" src=\"http:\/\/rebeccafribourg.com\/wp-content\/uploads\/2020\/01\/ieeevr2018.jpg\" alt=\"\" class=\"wp-image-276 size-full\" srcset=\"https:\/\/rebeccafribourg.com\/wp-content\/uploads\/2020\/01\/ieeevr2018.jpg 573w, https:\/\/rebeccafribourg.com\/wp-content\/uploads\/2020\/01\/ieeevr2018-150x150.jpg 150w, https:\/\/rebeccafribourg.com\/wp-content\/uploads\/2020\/01\/ieeevr2018-300x300.jpg 300w\" sizes=\"(max-width: 573px) 100vw, 573px\" \/><\/figure><div class=\"wp-block-media-text__content\">\n<p class=\"has-small-font-size\">R. Fribourg, F. Argelaguet, L. Hoyet, A. L\u00e9cuyer, <em>\u201cStudying the Sense of Embodiment in VR Shared Experiences\u201d, <\/em>IEEE VR 2018 Conference<em> <\/em> <br>[<a href=\"https:\/\/hal.inria.fr\/hal-01804949\/document\"><\/a><a href=\"https:\/\/hal.inria.fr\/hal-02951915\/document\">Paper<\/a>] [<a href=\"http:\/\/rebeccafribourg.com\/wp-content\/uploads\/2020\/01\/sharedVR.mp4\">Video<\/a>] <br><br><\/p>\n<\/div><\/div>\n\n\n\n<p style=\"font-size:12px\"><strong>POSTERS<\/strong><\/p>\n\n\n\n<div class=\"wp-block-media-text alignwide\" style=\"grid-template-columns:18% auto\"><figure class=\"wp-block-media-text__media\"><img loading=\"lazy\" width=\"415\" height=\"394\" src=\"https:\/\/rebeccafribourg.com\/wp-content\/uploads\/2022\/02\/MIG2021.png\" alt=\"\" class=\"wp-image-376 size-full\" srcset=\"https:\/\/rebeccafribourg.com\/wp-content\/uploads\/2022\/02\/MIG2021.png 415w, https:\/\/rebeccafribourg.com\/wp-content\/uploads\/2022\/02\/MIG2021-300x285.png 300w\" sizes=\"(max-width: 415px) 100vw, 415px\" \/><\/figure><div class=\"wp-block-media-text__content\">\n<p class=\"has-small-font-size\">G. Fletcher, Y. Qiao, R. Fribourg, J. Deane, R. McDonnell, D. Cosker, \u201c<em>Exploring the Perception of Quadruped Motion Retargeting<\/em>\u201d, 14th ACM SIGGRAPH Conference on Motion, Interaction and Games, 2021<br>[<a href=\"https:\/\/purehost.bath.ac.uk\/ws\/portalfiles\/portal\/227376164\/MIG21_poster_owncopyright.pdf\">Paper<\/a>]<\/p>\n<\/div><\/div>\n\n\n\n<p style=\"font-size:12px\"><strong>NATIONAL &amp; INTERNATIONAL INVITED TALKS<\/strong><\/p>\n\n\n\n<p class=\"has-small-font-size\">&#8211; Talk on Users Preferences over Appearance, Control and Point of View on the Sense of Embodiment, WACAI Workshop 2020 on the &#8220;Affects, Artificial Companions and Interactions&#8221;<br>&#8211; Talk on the Importance of Control on Avatar Sense of Embodiment, GTAS Days 2020<br>&#8211; Talk on Avatars and Virtual Shared Environments, Person-to-person interactions Workshop 2020<br>&#8211; Poster presentation on Avatars and Virtual Shared Environments, VERE Symposium 2019 BCN<br>&#8211; Talk on Virtual Embodiment and Acceptability, Technof\u00e9rence n\u00b027 \u201cAugmented Humans\u201d 2019<br>&#8211; Talk on Avatars and Virtual Shared Environments, Journ\u00e9es de la R\u00e9alit\u00e9 Virtuelle, Evry, France, 2018<br><\/p>\n\n\n\n<p style=\"font-size:12px\"><strong>OTHERS <\/strong><\/p>\n\n\n\n<div class=\"wp-block-media-text alignwide\" style=\"grid-template-columns:18% auto\"><figure class=\"wp-block-media-text__media\"><img loading=\"lazy\" width=\"942\" height=\"942\" src=\"https:\/\/rebeccafribourg.com\/wp-content\/uploads\/2020\/05\/newfeature.png\" alt=\"\" class=\"wp-image-322 size-full\" srcset=\"https:\/\/rebeccafribourg.com\/wp-content\/uploads\/2020\/05\/newfeature.png 942w, https:\/\/rebeccafribourg.com\/wp-content\/uploads\/2020\/05\/newfeature-300x300.png 300w, https:\/\/rebeccafribourg.com\/wp-content\/uploads\/2020\/05\/newfeature-150x150.png 150w, https:\/\/rebeccafribourg.com\/wp-content\/uploads\/2020\/05\/newfeature-768x768.png 768w\" sizes=\"(max-width: 942px) 100vw, 942px\" \/><\/figure><div class=\"wp-block-media-text__content\">\n<p class=\"has-small-font-size\">A. Audinot, D. Dewez, G. Fouch\u00e9, R. Fribourg, T. Howard, F. L\u00e9cuyer, T. Luong, V. Mercado, A. Reuzeau, T. Rinnert, G. Vailland, F. Nouviale, F. Argelaguet, \u201c3Dexterity: Finding your Place in a 3-Armed World\u201d, IEEE 3D User Interface Contest 2020, <strong><span style=\"color:#ff1635\" class=\"has-inline-color\">Best 3DUI Demo Award \u2013 Honorable Mention<\/span><\/strong><br>[<a href=\"https:\/\/ieeexplore.ieee.org\/document\/9090409\">Pdf<\/a>] [<a href=\"https:\/\/www.youtube.com\/watch?v=pj9tBaTaPMk\">Video<\/a>] <\/p>\n<\/div><\/div>\n\n\n\n<div class=\"wp-block-media-text alignwide\" style=\"grid-template-columns:18% auto\"><figure class=\"wp-block-media-text__media\"><img loading=\"lazy\" width=\"525\" height=\"525\" src=\"http:\/\/rebeccafribourg.com\/wp-content\/uploads\/2020\/01\/3dui_2019.jpg\" alt=\"\" class=\"wp-image-274 size-full\" srcset=\"https:\/\/rebeccafribourg.com\/wp-content\/uploads\/2020\/01\/3dui_2019.jpg 525w, https:\/\/rebeccafribourg.com\/wp-content\/uploads\/2020\/01\/3dui_2019-150x150.jpg 150w, https:\/\/rebeccafribourg.com\/wp-content\/uploads\/2020\/01\/3dui_2019-300x300.jpg 300w\" sizes=\"(max-width: 525px) 100vw, 525px\" \/><\/figure><div class=\"wp-block-media-text__content\">\n<p class=\"has-small-font-size\">H. Brument, R. Fribourg, G. Gallagher, T. Howard, F. L\u00e9cuyer, T. Luong, V. Mercado, E. Peillard, X. de Tinguy, M. Marchal, \u201cPyramid Escape: Design of Novel Passive Haptics Interactions for an Immersive and Modular Scenario\u201d, IEEE 3D User Interface Contest 2019, <span style=\"color:#f22843\" class=\"has-inline-color\"><strong>Best 3DUI Demo Award<\/strong>  <\/span> <br>[<a href=\"https:\/\/ieeexplore.ieee.org\/stamp\/stamp.jsp?arnumber=8797848\">Pdf<\/a>] [<a href=\"https:\/\/www.youtube.com\/watch?v=cX2RG3UDP_A&amp;feature=emb_title\">Video<\/a>] <\/p>\n<\/div><\/div>\n\n\n\n<div class=\"wp-block-media-text alignwide\" style=\"grid-template-columns:18% auto\"><figure class=\"wp-block-media-text__media\"><img loading=\"lazy\" width=\"510\" height=\"511\" src=\"http:\/\/rebeccafribourg.com\/wp-content\/uploads\/2020\/01\/3dui_2018.jpg\" alt=\"\" class=\"wp-image-273 size-full\" srcset=\"https:\/\/rebeccafribourg.com\/wp-content\/uploads\/2020\/01\/3dui_2018.jpg 510w, https:\/\/rebeccafribourg.com\/wp-content\/uploads\/2020\/01\/3dui_2018-150x150.jpg 150w, https:\/\/rebeccafribourg.com\/wp-content\/uploads\/2020\/01\/3dui_2018-300x300.jpg 300w\" sizes=\"(max-width: 510px) 100vw, 510px\" \/><\/figure><div class=\"wp-block-media-text__content\">\n<p class=\"has-small-font-size\"> A. Bernardin, G. Cortes, R. Fribourg, T. Luong, <em>\u201cToward Intuitive 3D User Interfaces for Climbing, Flying and Stacking\u201d, IEEE 3D User Interface Contest 2018, <\/em><span style=\"color:#ff0c2c\" class=\"has-inline-color\"><strong>Best 3DUI Demo Award \u2013 Honorable Mention<\/strong> <\/span> <br>[<a href=\"https:\/\/hal.inria.fr\/hal-01949784\/document\">Pdf<\/a>] [<a href=\"https:\/\/www.youtube.com\/watch?v=4O5AFa02Raw&amp;feature=emb_title\">Video<\/a>] <\/p>\n<\/div><\/div>\n","protected":false},"excerpt":{"rendered":"<p>PEER-REVIEWED INTERNATIONAL JOURNAL PAPERS T. Combe, R. Fribourg, L. Detto and J.-M. Normand, &#8220;Exploring the Influence of Virtual Avatar Heads in Mixed Reality on Social Presence, Performance and User Experience in Collaborative Tasks&#8221; in&nbsp;IEEE Transactions on Visualization and Computer Graphics, vol. 30, no. 5, pp. 2203-2216, March 2024.[Paper] A. Cheymol, R. Fribourg, A. L\u00e9cuyer, J. &hellip; <a href=\"https:\/\/rebeccafribourg.com\/index.php\/publications\/\" class=\"more-link\">Continue reading <span class=\"screen-reader-text\">Publications<\/span><\/a><\/p>\n","protected":false},"author":1,"featured_media":0,"parent":0,"menu_order":0,"comment_status":"closed","ping_status":"closed","template":"","meta":[],"_links":{"self":[{"href":"https:\/\/rebeccafribourg.com\/index.php\/wp-json\/wp\/v2\/pages\/269"}],"collection":[{"href":"https:\/\/rebeccafribourg.com\/index.php\/wp-json\/wp\/v2\/pages"}],"about":[{"href":"https:\/\/rebeccafribourg.com\/index.php\/wp-json\/wp\/v2\/types\/page"}],"author":[{"embeddable":true,"href":"https:\/\/rebeccafribourg.com\/index.php\/wp-json\/wp\/v2\/users\/1"}],"replies":[{"embeddable":true,"href":"https:\/\/rebeccafribourg.com\/index.php\/wp-json\/wp\/v2\/comments?post=269"}],"version-history":[{"count":38,"href":"https:\/\/rebeccafribourg.com\/index.php\/wp-json\/wp\/v2\/pages\/269\/revisions"}],"predecessor-version":[{"id":598,"href":"https:\/\/rebeccafribourg.com\/index.php\/wp-json\/wp\/v2\/pages\/269\/revisions\/598"}],"wp:attachment":[{"href":"https:\/\/rebeccafribourg.com\/index.php\/wp-json\/wp\/v2\/media?parent=269"}],"curies":[{"name":"wp","href":"https:\/\/api.w.org\/{rel}","templated":true}]}}