{"id":437,"date":"2023-01-05T16:25:46","date_gmt":"2023-01-05T15:25:46","guid":{"rendered":"http:\/\/rebeccafribourg.com\/?page_id=437"},"modified":"2023-01-05T16:37:24","modified_gmt":"2023-01-05T15:37:24","slug":"call-for-participants","status":"publish","type":"page","link":"https:\/\/rebeccafribourg.com\/index.php\/call-for-participants\/","title":{"rendered":"Participants Wanted !"},"content":{"rendered":"\n<hr class=\"wp-block-separator\"\/>\n\n\n\n<div class=\"wp-block-columns\">\n<div class=\"wp-block-column\">\n<p><strong>Fran\u00e7ais<\/strong><\/p>\n\n\n\n<p>Nous recherchons des participants pour une exp\u00e9rience ayant pour but d&#8217;am\u00e9liorer les interactions sociales en r\u00e9alit\u00e9 augment\u00e9e.<\/p>\n\n\n\n<p>L&#8217;exp\u00e9rience se d\u00e9roule en bin\u00f4me avec deux participants qui ne se connaissent pr\u00e9alablement pas personnellement.<\/p>\n\n\n\n<p>Elle dure environ une heure, se d\u00e9roule au laboratoire CRENAU de l&#8217;ENSA et est tr\u00e8s divertissante \u00e0 deux.<\/p>\n\n\n\n<p>Ainsi, si vous souhaitez participer, je vous propose de me donner toutes vos disponibilit\u00e9s sur le lien suivant : <a href=\"https:\/\/evento.renater.fr\/survey\/experience-realite-mixte-pml7pz4h\" data-type=\"URL\" data-id=\"https:\/\/evento.renater.fr\/survey\/experience-realite-mixte-pml7pz4h\">https:\/\/evento.renater.fr\/survey\/experience-realite-mixte-pml7pz4h <\/a><br>Je reviendrais ensuite vers vous avec un cr\u00e9neau et un bin\u00f4me.<\/p>\n\n\n\n<p>Des bonbons \u00e0 la cl\u00e9 !<\/p>\n\n\n\n<p>Lucas Detto (lucas_dot_detto_at_ec-nantes_dot_fr) se fera un plaisir de r\u00e9pondre \u00e0 vos questions et n&#8217;h\u00e9sitez pas \u00e0 partager cette exp\u00e9rience \u00e0 vos connaissances !<\/p>\n\n\n\n<p>Merci d&#8217;avance pour votre participation !<\/p>\n\n\n\n<p>Lucas Detto, Jean-Marie Normand et Rebecca Fribourg<\/p>\n<\/div>\n\n\n\n<div class=\"wp-block-column\">\n<p><strong>English<\/strong><\/p>\n\n\n\n<p>We are looking for participants for an experiment aiming at improving social interactions in augmented reality.<\/p>\n\n\n\n<p>The experiment takes place in pairs with two participants who do not know each other personally.<\/p>\n\n\n\n<p><br>It lasts about an hour, takes place in the CRENAU lab of ENSA and is very entertaining in pairs.<\/p>\n\n\n\n<p><br>So, if you want to participate, I suggest you give me all your availabilities on the following link: <a href=\"https:\/\/evento.renater.fr\/survey\/experience-realite-mixte-pml7pz4h\" data-type=\"URL\" data-id=\"https:\/\/evento.renater.fr\/survey\/experience-realite-mixte-pml7pz4h\">https:\/\/evento.renater.fr\/survey\/experience-realite-mixte-pml7pz4h<\/a><br>I will then come back to you with a slot and a pair.<\/p>\n\n\n\n<p>Treats at the end!<\/p>\n\n\n\n<p>Lucas Detto (lucas_dot_detto_at_ec-nantes_dot_fr) will be happy to answer your questions and do not hesitate to share this experience with your friends!<\/p>\n\n\n\n<p>Thanks in advance for your participation!<\/p>\n\n\n\n<p>Lucas Detto, Jean-Marie Normand and Rebecca Fribourg<br><\/p>\n<\/div>\n<\/div>\n","protected":false},"excerpt":{"rendered":"<p>Fran\u00e7ais Nous recherchons des participants pour une exp\u00e9rience ayant pour but d&#8217;am\u00e9liorer les interactions sociales en r\u00e9alit\u00e9 augment\u00e9e. L&#8217;exp\u00e9rience se d\u00e9roule en bin\u00f4me avec deux participants qui ne se connaissent pr\u00e9alablement pas personnellement. Elle dure environ une heure, se d\u00e9roule au laboratoire CRENAU de l&#8217;ENSA et est tr\u00e8s divertissante \u00e0 deux. Ainsi, si vous souhaitez &hellip; <a href=\"https:\/\/rebeccafribourg.com\/index.php\/call-for-participants\/\" class=\"more-link\">Continue reading <span class=\"screen-reader-text\">Participants Wanted !<\/span><\/a><\/p>\n","protected":false},"author":1,"featured_media":0,"parent":0,"menu_order":0,"comment_status":"closed","ping_status":"closed","template":"","meta":[],"_links":{"self":[{"href":"https:\/\/rebeccafribourg.com\/index.php\/wp-json\/wp\/v2\/pages\/437"}],"collection":[{"href":"https:\/\/rebeccafribourg.com\/index.php\/wp-json\/wp\/v2\/pages"}],"about":[{"href":"https:\/\/rebeccafribourg.com\/index.php\/wp-json\/wp\/v2\/types\/page"}],"author":[{"embeddable":true,"href":"https:\/\/rebeccafribourg.com\/index.php\/wp-json\/wp\/v2\/users\/1"}],"replies":[{"embeddable":true,"href":"https:\/\/rebeccafribourg.com\/index.php\/wp-json\/wp\/v2\/comments?post=437"}],"version-history":[{"count":7,"href":"https:\/\/rebeccafribourg.com\/index.php\/wp-json\/wp\/v2\/pages\/437\/revisions"}],"predecessor-version":[{"id":445,"href":"https:\/\/rebeccafribourg.com\/index.php\/wp-json\/wp\/v2\/pages\/437\/revisions\/445"}],"wp:attachment":[{"href":"https:\/\/rebeccafribourg.com\/index.php\/wp-json\/wp\/v2\/media?parent=437"}],"curies":[{"name":"wp","href":"https:\/\/api.w.org\/{rel}","templated":true}]}}