{"id":542,"date":"2024-11-25T14:19:19","date_gmt":"2024-11-25T13:19:19","guid":{"rendered":"http:\/\/rebeccafribourg.com\/?page_id=542"},"modified":"2024-11-25T15:56:26","modified_gmt":"2024-11-25T14:56:26","slug":"responsibilities","status":"publish","type":"page","link":"https:\/\/rebeccafribourg.com\/index.php\/responsibilities\/","title":{"rendered":"Responsibilities"},"content":{"rendered":"\n<h2>Roles in research conferences<\/h2>\n\n\n\n<ul><li><strong>2024 <\/strong>&#8211; Associate Program Chair of IEEE VR 2025 conference. <\/li><li><strong>2024 <\/strong>&#8211; Workshop Chair of IEEE VR 2025 conference.<\/li><li><strong>2023 <\/strong>&#8211; Co-organisation of a <a href=\"https:\/\/sites.google.com\/view\/ieee-vr-24-pandas\">workshop <\/a>for IEEE VR 2024 on the Perception and Animation of Dissimilar AvatarS (PANDAS). <\/li><li><strong>2023 <\/strong>&#8211; Poster Chair of VRST 2024 conference.<\/li><li><strong>2021 <\/strong>&#8211; Poster Chair of ACM SAP (Symposium on Applied Perception) 2021.<\/li><li><strong>2021 <\/strong>&#8211; Co-hosting an \u201cAvatars\u201d workshop with Geoffrey Gorisse and Ludovic Hoyet at the GdR IG-RV&#8217;s biannual Plenary Days in March 2021 (remote).<\/li><\/ul>\n\n\n\n<hr class=\"wp-block-separator has-text-color has-background has-purple-background-color has-purple-color\"\/>\n\n\n\n<h2>Reviewing contibutions<\/h2>\n\n\n\n<p><strong>I regularly review articles for international journals:<\/strong><\/p>\n\n\n\n<ul><li>IEEE Transactions on Visualization and Computer Graphics (TVCG)<\/li><li>Frontiers in Virtual Reality<\/li><li>Nature (Scientific Reports)<\/li><\/ul>\n\n\n\n<p><strong>And also for international conferences:<\/strong><\/p>\n\n\n\n<ul><li>IEEE VR (Virtual Reality) Conference<\/li><li>IEEE ISMAR (International Symposium on Mixed and Augmented Reality) Conference<\/li><li>ACM CHI (Conference on Human Factors in Computing Systems)<\/li><li>Augmented Humans Conference<\/li><\/ul>\n\n\n\n<p><strong>I also reviewed for the ANR in 2022. <\/strong><\/p>\n\n\n\n<hr class=\"wp-block-separator has-text-color has-background has-purple-background-color has-purple-color\"\/>\n\n\n\n<h2>PhD&#8217;s jury<\/h2>\n\n\n\n<ul><li><strong>2023 <\/strong>&#8211; I was a jury member of Nana Tian&#8217;s PhD, directed by Ronan Boulic at EPFL (reporter). The PhD was successfully defended the 06\/10\/2023.<\/li><li><strong>2023 <\/strong>&#8211; I was a jury member for Gilles Kahn award (evaluation of 5 thesis and 1 day of jury discussion). <\/li><\/ul>\n\n\n\n<hr class=\"wp-block-separator has-text-color has-background has-purple-background-color has-purple-color\"\/>\n\n\n\n<h2>Invited talks<\/h2>\n\n\n\n<ul><li><strong>2024 <\/strong>&#8211; <a href=\"https:\/\/laval-virtual.com\/speaker\/rebecca-fribourg\/\">Talk <\/a>with Geoffrey Gorisse on the topic of Avatars and Training at Laval Virtual 2024.<\/li><li><strong>2024 <\/strong>&#8211; Talk in the Human-Computer Interaction Group of the University of Trier (remote).  <\/li><li><strong>2024<\/strong> &#8211; Talk at the SOFMER congress on the topic of <em>&#8220;Physical medicine and rehabilitation &amp; Virtual Reality (VR), a promising tool for neurological disorders&#8221; <\/em>(<a href=\"https:\/\/www.youtube.com\/watch?v=vaou-7jm3tc&amp;ab_channel=SOFMER\">interview post-talk<\/a>)<\/li><li><strong>2024 <\/strong>&#8211; Talk at Mount Sina\u00ef New York in the Department of Medicine, Division of Nephrology, in Miguel Fribourg-Casajuana&#8217;s team. <\/li><li><strong>2023 <\/strong>&#8211; Talk in the Symposium <em>&#8220;Validit\u00e9 des environnements virtuels&#8221;<\/em> during the 12<sup>th <\/sup>EPIQUE Symposium on Ergonomic Psychology. <\/li><li><strong>2023 <\/strong>&#8211; Talk at Trinity College Dublin in the Graphics and Vision Research Group.<\/li><li><strong>2023 <\/strong>&#8211; <a href=\"https:\/\/memento.epfl.ch\/event\/exploring-the-sense-of-embodiment-towards-avatars-\/\">Talk <\/a>at EPFL in the team of Ronan Boulic.<\/li><li><strong>2023 <\/strong>&#8211; <a href=\"https:\/\/www.youtube.com\/watch?v=PExyvmwlaBQ&amp;ab_channel=CREPSdesPaysdelaLoire\">Talk <\/a>at CREPS des Pays de la Loire on the topic of pedagogy and metaverse. <\/li><li><strong>2022 <\/strong>&#8211; <a href=\"https:\/\/www.youtube.com\/watch?v=tECmwoj6SHs&amp;ab_channel=%C3%89colenormalesup%C3%A9rieuredeRennes%28ENSRennes%29\">Talk <\/a>at the Rencontres M\u00e9catroniques to present my research career and my work.<\/li><li><strong>2019 <\/strong>&#8211; <em>\u201cIncarnation Virtuelle et Acceptabilit\u00e9\u201d \/ \u201c<\/em>Virtual Embodiment and Acceptability<em>\u201d, Technof\u00e9rence #27: Augmenter l\u2019humain, solutions et adoption (Nantes, France, janv. 2019)<\/em>&nbsp;<a href=\"https:\/\/www.images-et-reseaux.com\/lhomme-augmente-des-solutions-des-questionnements\/\">Link<\/a>.<\/li><li><strong>2018 <\/strong>&#8211; <em>\u201cAvatars et environnements virtuels partag\u00e9s\u201d \/ \u201cAvatars and Virtual Shared Environments\u201d,<\/em>&nbsp;<em>13<sup>\u00e8mes<\/sup>&nbsp;Journ\u00e9es de la R\u00e9alit\u00e9 Virtuelle (Evry, France, Octobre 2018)<\/em>.<\/li><\/ul>\n\n\n\n<hr class=\"wp-block-separator has-text-color has-background has-purple-background-color has-purple-color\"\/>\n\n\n\n<h2>Scientific Outreach<\/h2>\n\n\n\n<ul><li><strong>2024 <\/strong>&#8211; <a href=\"https:\/\/www.rfi.fr\/fr\/podcasts\/autour-de-la-question\/20240206-jusqu-o%C3%B9-nous-entraineront-nos-avatars\">Interview <\/a>at RFI radio show <em>&#8220;Autour de la question, le magazine de toutes les sciences&#8221; <\/em>on the topic of avatars in VR. <\/li><li><strong>2023 <\/strong>&#8211; Participation in Declics: \u201cspeed dating\u201d sessions to talk about the research profession in Nantes high schools (1 morning).<\/li><li><strong>2023 <\/strong>&#8211; Co-writing of an <a href=\"http:\/\/Co-r\u00e9daction d\u2019un article La Recherche (https:\/\/www.larecherche.fr\/dans-la-peau-de-son-double-num%C3%A9rique )\">article <\/a>for La Recherche magasine. <\/li><li><strong>2023 <\/strong>&#8211; Interview with a journalist of Usbek et Rika journal to contribution on the <a href=\"https:\/\/www.decitre.fr\/revues\/usbek-rica-n-37-metavers-avatars-cybersexe-9782958156831.html?srsltid=AfmBOoq4dQ6utnN0P7Tm0ndjbqH1XAmGL70S_T47dcjtNxNen_idO4uY\">37th edition<\/a> &#8220;<em>M\u00e9tavers, avatars, cybersexe\u2026 Nos corps vont-ils dispara\u00eetre ?<\/em>&#8220;.<\/li><li><strong>2022 <\/strong>&#8211; TEDx talk on the topic of <a href=\"https:\/\/www.youtube.com\/watch?v=63FtsBLykuM&amp;ab_channel=TEDxTalks\">metaverse<\/a><strong><a href=\"https:\/\/www.youtube.com\/watch?v=63FtsBLykuM&amp;ab_channel=TEDxTalks\">.<\/a><\/strong><\/li><li><strong>2018-2019<\/strong> &#8211; Participation in the the interregional (Bretagne \u2013 Loire) final of \u201cMa Th\u00e8se en 180 secondes\u201d competition (<a href=\"https:\/\/www.youtube.com\/watch?v=tLohFu6xbvQ&amp;t=983s&amp;ab_channel=DoctoratBretagne\">My thesis in 180 seconds<\/a>). <\/li><li><strong>2018-2019<\/strong> &#8211; Participation to come in March-April 2019 in \u201c<strong><em>L codent L cr\u00e9ent\u201d<\/em><\/strong>, an intervention taking place within different mediation and awareness actions on women-men stereotypes. It will consist in animating some python programming workshops in schoolgirls groups.&nbsp;<a href=\"https:\/\/egalite-fh.irisa.fr\/realisations\/lcodentlcreent\/\">Media<\/a><\/li><li><strong>2018-2019<\/strong> \u2013 Head of communication of \u201c<a href=\"https:\/\/jsm.irisa.fr\/\">Journ\u00e9e Science et Musique 2019<\/a>\u201d event, a day of scientic outreach, suitable for all, on the themes of science and music.<\/li><li><strong>2017-2018 <\/strong>&#8211; Member of the organization comitee of the event \u201c<a href=\"https:\/\/jsm.irisa.fr\/\">Journ\u00e9e Science et Musique<\/a>\u201d 2018, in the communication team and more specifically with the responsability of social media communication.<\/li><li><strong>2017-2018<\/strong> &#8211; Participation in \u201cA la d\u00e9couverte de la recherche\u201d which consisted in two interventions of 1h15 with a public of highschool students, to present them an overview of what is the work of a researcher and the thematic of my thesis.<\/li><\/ul>\n\n\n\n<hr class=\"wp-block-separator has-text-color has-background has-purple-background-color has-purple-color\"\/>\n\n\n\n<h2>Administrative responsabilites<\/h2>\n\n\n\n<ul><li><strong>Since March 2023<\/strong> &#8211; <strong>Member of the disciplinary section of Ecole Centrale de Nantes.<\/strong> In this context, I may be assigned the role of disciplinary instructor 1 or 2 times a year, making me responsible for conducting hearings of the persons concerned, writing reports, discussing with a competent legal team, etc., and this for 2 months from the start of the investigation. To date, I have investigated 3 cases and participated in a jury trial. This role involves a considerable moral burden, and I have been trained in gender-based and sexual violence (2 mornings of training).<\/li><li><strong>Since September 2023 <\/strong>&#8211; <strong>Member of the Restricted Scientific Committee (SC) at Ecole Centrale de Nantes.<\/strong> This role enables me to become more aware of the scientific workings of the establishment. We have at least 1 meeting of 2 hours per month in restricted SC, to which are added several meetings also in restricted SC as well as general SC.<\/li><\/ul>\n","protected":false},"excerpt":{"rendered":"<p>Roles in research conferences 2024 &#8211; Associate Program Chair of IEEE VR 2025 conference. 2024 &#8211; Workshop Chair of IEEE VR 2025 conference. 2023 &#8211; Co-organisation of a workshop for IEEE VR 2024 on the Perception and Animation of Dissimilar AvatarS (PANDAS). 2023 &#8211; Poster Chair of VRST 2024 conference. 2021 &#8211; Poster Chair of &hellip; <a href=\"https:\/\/rebeccafribourg.com\/index.php\/responsibilities\/\" class=\"more-link\">Continue reading <span class=\"screen-reader-text\">Responsibilities<\/span><\/a><\/p>\n","protected":false},"author":1,"featured_media":0,"parent":0,"menu_order":0,"comment_status":"closed","ping_status":"closed","template":"","meta":[],"_links":{"self":[{"href":"https:\/\/rebeccafribourg.com\/index.php\/wp-json\/wp\/v2\/pages\/542"}],"collection":[{"href":"https:\/\/rebeccafribourg.com\/index.php\/wp-json\/wp\/v2\/pages"}],"about":[{"href":"https:\/\/rebeccafribourg.com\/index.php\/wp-json\/wp\/v2\/types\/page"}],"author":[{"embeddable":true,"href":"https:\/\/rebeccafribourg.com\/index.php\/wp-json\/wp\/v2\/users\/1"}],"replies":[{"embeddable":true,"href":"https:\/\/rebeccafribourg.com\/index.php\/wp-json\/wp\/v2\/comments?post=542"}],"version-history":[{"count":12,"href":"https:\/\/rebeccafribourg.com\/index.php\/wp-json\/wp\/v2\/pages\/542\/revisions"}],"predecessor-version":[{"id":562,"href":"https:\/\/rebeccafribourg.com\/index.php\/wp-json\/wp\/v2\/pages\/542\/revisions\/562"}],"wp:attachment":[{"href":"https:\/\/rebeccafribourg.com\/index.php\/wp-json\/wp\/v2\/media?parent=542"}],"curies":[{"name":"wp","href":"https:\/\/api.w.org\/{rel}","templated":true}]}}